{"id":453,"date":"2019-10-24T17:23:19","date_gmt":"2019-10-24T15:23:19","guid":{"rendered":"https:\/\/vina-dean.hr\/?page_id=453"},"modified":"2024-08-09T11:43:26","modified_gmt":"2024-08-09T09:43:26","slug":"dobrodosli","status":"publish","type":"page","link":"https:\/\/vina-dean.hr\/","title":{"rendered":"Dobrodo\u0161li"},"content":{"rendered":"<div class=\"wpb-content-wrapper\"><p>[vc_section full_width=&#8221;stretch_row_content&#8221; full_height=&#8221;yes&#8221; content_placement=&#8221;middle&#8221; parallax=&#8221;content-moving&#8221; parallax_image=&#8221;696&#8243; el_id=&#8221;1 &#8211; Hidden from Mobile&#8221; el_class=&#8221;vc_hidden-xs vc_hidden-sm&#8221;][vc_row content_placement=&#8221;middle&#8221;][vc_column][vc_single_image image=&#8221;847&#8243; img_size=&#8221;full&#8221; alignment=&#8221;center&#8221; css=&#8221;.vc_custom_1723196565545{margin-bottom: 10px !important;}&#8221;][vc_custom_heading text=&#8221;DOBRODO\u0160LI&#8221; font_container=&#8221;tag:h2|text_align:center|color:%23ffffff&#8221; google_fonts=&#8221;font_family:Dosis%3A200%2C300%2Cregular%2C500%2C600%2C700%2C800|font_style:200%20light%20regular%3A200%3Anormal&#8221; css=&#8221;.vc_custom_1571935108513{margin-bottom: 40px !important;}&#8221; el_class=&#8221;space-title&#8221;]<div class=\"hr-thin style-line\" style=\"width: 3%;border-color: #ffffff;border-top-width: 2px;\"><\/div>[vc_custom_heading text=&#8221;ODABERITE VRIJEDNO VA\u0160EG NOVCA&#8221; font_container=&#8221;tag:h6|font_size:12|text_align:center|color:%23ffffff&#8221; use_theme_fonts=&#8221;yes&#8221; css=&#8221;.vc_custom_1571932788002{margin-top: 30px !important;}&#8221; el_class=&#8221;space-text&#8221;][\/vc_column][\/vc_row][\/vc_section][vc_section full_width=&#8221;stretch_row_content&#8221; full_height=&#8221;yes&#8221; content_placement=&#8221;middle&#8221; parallax=&#8221;content-moving&#8221; parallax_image=&#8221;703&#8243; el_class=&#8221;vc_hidden-xs vc_hidden-sm&#8221; el_id=&#8221;2 &#8211; Hidden from Mobile&#8221;][vc_row content_placement=&#8221;middle&#8221;][vc_column][vc_custom_heading text=&#8221;KVALITETA I TRADICIJA&#8221; font_container=&#8221;tag:h2|text_align:center|color:%23ffffff&#8221; google_fonts=&#8221;font_family:Dosis%3A200%2C300%2Cregular%2C500%2C600%2C700%2C800|font_style:200%20light%20regular%3A200%3Anormal&#8221; css=&#8221;.vc_custom_1571936496651{margin-bottom: 40px !important;}&#8221; el_class=&#8221;space-text&#8221; link=&#8221;url:https%3A%2F%2Fvina-dean.hr%2Findex.php%2Fo-nama%2F|title:O%20nama||&#8221;]<div class=\"hr-thin style-line\" style=\"width: 3%;border-color: #ffffff;border-top-width: 2px;\"><\/div>[vc_custom_heading text=&#8221;Predstavljamo Vam obiteljsku tradiciju i ljubav prema poslu, obitelji i ljudima. Proizvode koje \u0107ete imati priliku upoznati na na\u0161im stranicama, usavr\u0161eni su, ne samo zbog na\u0161eg truda, ve\u0107 i zbog toga \u0161to mi njih ne radimo jer moramo, nego to zaista volimo.&#8221; font_container=&#8221;tag:h5|text_align:center|color:%23ffffff&#8221; use_theme_fonts=&#8221;yes&#8221; css=&#8221;.vc_custom_1572874319690{margin-top: 30px !important;padding-right: 30% !important;padding-left: 30% !important;}&#8221;][vc_btn title=&#8221;PRO\u010cITAJ VI\u0160E&#8221; style=&#8221;custom&#8221; custom_background=&#8221;#ffffff&#8221; custom_text=&#8221;#666666&#8243; shape=&#8221;square&#8221; size=&#8221;sm&#8221; align=&#8221;center&#8221; css=&#8221;.vc_custom_1571988884167{margin-top: 60px !important;padding-right: 42% !important;padding-left: 42% !important;}&#8221; button_block=&#8221;true&#8221; link=&#8221;url:https%3A%2F%2Fvina-dean.hr%2Findex.php%2Fo-nama%2F|title:O%20nama||&#8221; el_class=&#8221;space-text-button&#8221;][\/vc_column][\/vc_row][\/vc_section][vc_section full_width=&#8221;stretch_row_content&#8221; full_height=&#8221;yes&#8221; content_placement=&#8221;middle&#8221; parallax=&#8221;content-moving&#8221; parallax_image=&#8221;699&#8243; el_class=&#8221;vc_hidden-xs vc_hidden-sm&#8221; el_id=&#8221;3 &#8211; Hidden from Mobile&#8221;][vc_row content_placement=&#8221;middle&#8221;][vc_column][vc_custom_heading text=&#8221;PROIZVODI OD POVJERENJA&#8221; font_container=&#8221;tag:h2|text_align:center|color:%23ffffff&#8221; google_fonts=&#8221;font_family:Dosis%3A200%2C300%2Cregular%2C500%2C600%2C700%2C800|font_style:200%20light%20regular%3A200%3Anormal&#8221; css=&#8221;.vc_custom_1571936483935{margin-bottom: 40px !important;}&#8221; el_class=&#8221;space-text&#8221; link=&#8221;url:https%3A%2F%2Fvina-dean.hr%2Findex.php%2Fproizvodi%2F|title:Proizvodi||&#8221;]<div class=\"hr-thin style-line\" style=\"width: 3%;border-color: #ffffff;border-top-width: 2px;\"><\/div>[vc_custom_heading text=&#8221;Ljubav prema vinu obiteljski se prenosi sa koljena na koljeno, pa zato danas Vina Dean posjeduje jedna od najboljih vina u Istri. No, nisu samo Vina osvajala nagrade i srca na\u0161ih klijenata, tu su i rakije koje osvajaju ve\u0107 na prvi gutljaj.&#8221; font_container=&#8221;tag:h5|text_align:center|color:%23ffffff&#8221; use_theme_fonts=&#8221;yes&#8221; css=&#8221;.vc_custom_1572874432349{margin-top: 30px !important;padding-right: 30% !important;padding-left: 30% !important;}&#8221;][vc_btn title=&#8221;NA\u0160I PROIZVODI&#8221; style=&#8221;custom&#8221; custom_background=&#8221;#ffffff&#8221; custom_text=&#8221;#666666&#8243; shape=&#8221;square&#8221; size=&#8221;sm&#8221; align=&#8221;center&#8221; css=&#8221;.vc_custom_1571988910777{margin-top: 60px !important;padding-right: 42% !important;padding-left: 42% !important;}&#8221; button_block=&#8221;true&#8221; link=&#8221;url:https%3A%2F%2Fvina-dean.hr%2Findex.php%2Fo-nama%2F|title:O%20nama||&#8221; el_class=&#8221;space-text-button&#8221;][\/vc_column][\/vc_row][\/vc_section][vc_section full_width=&#8221;stretch_row_content&#8221; full_height=&#8221;yes&#8221; content_placement=&#8221;middle&#8221; parallax=&#8221;content-moving&#8221; parallax_image=&#8221;700&#8243; el_class=&#8221;vc_hidden-xs vc_hidden-sm&#8221; el_id=&#8221;4 &#8211; Hidden from Mobile&#8221;][vc_row content_placement=&#8221;middle&#8221;][vc_column][vc_custom_heading text=&#8221;SLIKA KAO TISU\u0106U RIJE\u010cI&#8221; font_container=&#8221;tag:h2|text_align:center|color:%23ffffff&#8221; google_fonts=&#8221;font_family:Dosis%3A200%2C300%2Cregular%2C500%2C600%2C700%2C800|font_style:200%20light%20regular%3A200%3Anormal&#8221; css=&#8221;.vc_custom_1571936475920{margin-bottom: 40px !important;}&#8221; el_class=&#8221;space-text&#8221; link=&#8221;url:https%3A%2F%2Fvina-dean.hr%2Findex.php%2Fgalerija%2F|title:Galerija||&#8221;]<div class=\"hr-thin style-line\" style=\"width: 3%;border-color: #ffffff;border-top-width: 2px;\"><\/div>[vc_custom_heading text=&#8221;Za\u0161to je na\u0161e vino jednake kvalitete i vrhunskog okusa ve\u0107 skoro 100 godina? Zato jer osim obiteljske recepture mi brinemo i pazimo na svaki detalj, odnosno od stavljanja trsa u zemlju do ubranog grozda. Kroz na\u0161u galeriju mo\u017eete vidjeti mali dio na\u0161eg svijeta.&#8221; font_container=&#8221;tag:h5|text_align:center|color:%23ffffff&#8221; use_theme_fonts=&#8221;yes&#8221; css=&#8221;.vc_custom_1572874334991{margin-top: 30px !important;padding-right: 30% !important;padding-left: 30% !important;}&#8221;][vc_btn title=&#8221;GALERIJA&#8221; style=&#8221;custom&#8221; custom_background=&#8221;#ffffff&#8221; custom_text=&#8221;#666666&#8243; shape=&#8221;square&#8221; size=&#8221;sm&#8221; align=&#8221;center&#8221; css=&#8221;.vc_custom_1571988945108{margin-top: 60px !important;padding-right: 42% !important;padding-left: 42% !important;}&#8221; button_block=&#8221;true&#8221; link=&#8221;url:https%3A%2F%2Fvina-dean.hr%2Findex.php%2Fo-nama%2F|title:O%20nama||&#8221; el_class=&#8221;space-text-button&#8221;][\/vc_column][\/vc_row][\/vc_section][vc_section full_width=&#8221;stretch_row_content&#8221; full_height=&#8221;yes&#8221; content_placement=&#8221;middle&#8221; parallax=&#8221;content-moving&#8221; parallax_image=&#8221;477&#8243; el_class=&#8221;vc_hidden-xs vc_hidden-sm&#8221; el_id=&#8221;5 &#8211; Hidden from Mobile&#8221;][vc_row content_placement=&#8221;middle&#8221;][vc_column][vc_custom_heading text=&#8221;NUDIMO VI\u0160E, NUDIMO BOLJE&#8221; font_container=&#8221;tag:h2|text_align:center|color:%23ffffff&#8221; google_fonts=&#8221;font_family:Dosis%3A200%2C300%2Cregular%2C500%2C600%2C700%2C800|font_style:200%20light%20regular%3A200%3Anormal&#8221; css=&#8221;.vc_custom_1571936451332{margin-bottom: 40px !important;}&#8221; el_class=&#8221;space-text&#8221; link=&#8221;url:https%3A%2F%2Fvina-dean.hr%2Findex.php%2Fkontakt%2F|title:Kontakt||&#8221;]<div class=\"hr-thin style-line\" style=\"width: 3%;border-color: #ffffff;border-top-width: 2px;\"><\/div>[vc_custom_heading text=&#8221;Na\u0161 OPG osim vrhunskih proizvoda nudi i dostavu istih, nudimo Vam suradnju za kupovinu na malo ili veliko, kao i mogu\u0107nost punjenja na\u0161eg vina pod va\u0161im brendom. \u010cekamo Vas u na\u0161oj trgovini ako \u017eelite ku\u0161ati na\u0161e proizvode.&#8221; font_container=&#8221;tag:h5|text_align:center|color:%23ffffff&#8221; use_theme_fonts=&#8221;yes&#8221; css=&#8221;.vc_custom_1572874343316{margin-top: 30px !important;padding-right: 30% !important;padding-left: 30% !important;}&#8221;][vc_btn title=&#8221;KONTAKTIRAJTE NAS&#8221; style=&#8221;custom&#8221; custom_background=&#8221;#ffffff&#8221; custom_text=&#8221;#666666&#8243; shape=&#8221;square&#8221; size=&#8221;sm&#8221; align=&#8221;center&#8221; css=&#8221;.vc_custom_1571988963559{margin-top: 60px !important;padding-right: 42% !important;padding-left: 42% !important;}&#8221; button_block=&#8221;true&#8221; link=&#8221;url:https%3A%2F%2Fvina-dean.hr%2Findex.php%2Fo-nama%2F|title:O%20nama||&#8221; el_class=&#8221;space-text-button&#8221;][\/vc_column][\/vc_row][\/vc_section][vc_section full_width=&#8221;stretch_row_content&#8221; full_height=&#8221;yes&#8221; content_placement=&#8221;middle&#8221; parallax=&#8221;content-moving&#8221; parallax_image=&#8221;696&#8243; el_id=&#8221;1 &#8211; Hidden from Desktop&#8221; el_class=&#8221;vc_hidden-lg vc_hidden-md&#8221;][vc_row content_placement=&#8221;middle&#8221;][vc_column][vc_single_image image=&#8221;845&#8243; img_size=&#8221;full&#8221; alignment=&#8221;center&#8221; css=&#8221;.vc_custom_1723196498465{margin-bottom: 10px !important;}&#8221;][vc_custom_heading text=&#8221;VINA DEAN&#8221; font_container=&#8221;tag:h3|text_align:center|color:%23ffffff&#8221; google_fonts=&#8221;font_family:Dosis%3A200%2C300%2Cregular%2C500%2C600%2C700%2C800|font_style:200%20light%20regular%3A200%3Anormal&#8221; css=&#8221;.vc_custom_1723196362478{margin-top: 0px !important;margin-bottom: 40px !important;padding-top: 0px !important;}&#8221; el_class=&#8221;space-text-mobile&#8221;]<div class=\"hr-thin style-line\" style=\"width: 3%;border-color: #ffffff;border-top-width: 2px;\"><\/div>[vc_custom_heading text=&#8221;ODABERITE VRIJEDNO VA\u0160EG NOVCA&#8221; font_container=&#8221;tag:h6|font_size:11|text_align:center|color:%23ffffff&#8221; use_theme_fonts=&#8221;yes&#8221; css=&#8221;.vc_custom_1571990325522{margin-top: 30px !important;}&#8221; el_class=&#8221;space-text-mobile&#8221;][\/vc_column][\/vc_row][\/vc_section][vc_section full_width=&#8221;stretch_row_content&#8221; full_height=&#8221;yes&#8221; content_placement=&#8221;middle&#8221; parallax=&#8221;content-moving&#8221; parallax_image=&#8221;703&#8243; el_class=&#8221;vc_hidden-lg vc_hidden-md&#8221; el_id=&#8221;2 &#8211; Hidden from Desktop&#8221;][vc_row content_placement=&#8221;middle&#8221;][vc_column][vc_custom_heading text=&#8221;KVALITETA I TRADICIJA&#8221; font_container=&#8221;tag:h3|text_align:center|color:%23ffffff&#8221; google_fonts=&#8221;font_family:Dosis%3A200%2C300%2Cregular%2C500%2C600%2C700%2C800|font_style:200%20light%20regular%3A200%3Anormal&#8221; css=&#8221;.vc_custom_1572864119479{margin-bottom: 40px !important;}&#8221; el_class=&#8221;space-text-mobile&#8221; link=&#8221;url:https%3A%2F%2Fvina-dean.hr%2Findex.php%2Fo-nama%2F|title:Kontakt||&#8221;]<div class=\"hr-thin style-line\" style=\"width: 3%;border-color: #ffffff;border-top-width: 2px;\"><\/div>[vc_custom_heading text=&#8221;Predstavljamo Vam obiteljsku tradiciju i ljubav prema poslu, obitelji i ljudima. Izradu Proizvode koje \u0107ete imati priliku upoznati na na\u0161im stranicama, usavr\u0161eni su, ne samo zbog na\u0161eg truda, ve\u0107 i zbog toga \u0161to mi njih ne radimo jer moramo, nego to zaista volimo.&#8221; font_container=&#8221;tag:h6|text_align:center|color:%23ffffff&#8221; use_theme_fonts=&#8221;yes&#8221; css=&#8221;.vc_custom_1572864274649{margin-top: 30px !important;padding-right: 10% !important;padding-left: 10% !important;}&#8221;][vc_btn title=&#8221;PRO\u010cITAJ VI\u0160E&#8221; style=&#8221;custom&#8221; custom_background=&#8221;#ffffff&#8221; custom_text=&#8221;#666666&#8243; shape=&#8221;square&#8221; size=&#8221;sm&#8221; align=&#8221;center&#8221; css=&#8221;.vc_custom_1571991257204{margin-top: 60px !important;padding-right: 20% !important;padding-left: 20% !important;}&#8221; button_block=&#8221;true&#8221; link=&#8221;url:https%3A%2F%2Fvina-dean.hr%2Findex.php%2Fo-nama%2F|title:O%20nama||&#8221; el_class=&#8221;space-text-button&#8221;][\/vc_column][\/vc_row][\/vc_section][vc_section full_width=&#8221;stretch_row_content&#8221; full_height=&#8221;yes&#8221; content_placement=&#8221;middle&#8221; parallax=&#8221;content-moving&#8221; parallax_image=&#8221;699&#8243; el_class=&#8221;vc_hidden-lg vc_hidden-md&#8221; el_id=&#8221;3 &#8211; Hidden from Desktop&#8221;][vc_row content_placement=&#8221;middle&#8221;][vc_column][vc_custom_heading text=&#8221;PROIZVODI OD POVJERENJA&#8221; font_container=&#8221;tag:h3|text_align:center|color:%23ffffff&#8221; google_fonts=&#8221;font_family:Dosis%3A200%2C300%2Cregular%2C500%2C600%2C700%2C800|font_style:200%20light%20regular%3A200%3Anormal&#8221; css=&#8221;.vc_custom_1571991470223{margin-bottom: 40px !important;}&#8221; el_class=&#8221;space-text-mobile&#8221; link=&#8221;url:https%3A%2F%2Fvina-dean.hr%2Findex.php%2Fproizvodi%2F|title:Kontakt||&#8221;]<div class=\"hr-thin style-line\" style=\"width: 3%;border-color: #ffffff;border-top-width: 2px;\"><\/div>[vc_custom_heading text=&#8221;Ljubav prema vinu obiteljski se prenosi sa koljena na koljeno, pa zato danas Vina Dean posjeduje jedna od najboljih vina u Istri. No, nisu samo Vina osvajala nagrade i srca na\u0161ih klijenata, tu su i rakije koje osvajaju ve\u0107 na prvi gutljaj.&#8221; font_container=&#8221;tag:h6|text_align:center|color:%23ffffff&#8221; use_theme_fonts=&#8221;yes&#8221; css=&#8221;.vc_custom_1572864329234{margin-top: 30px !important;padding-right: 10% !important;padding-left: 10% !important;}&#8221;][vc_btn title=&#8221;NA\u0160I PROIZVODI&#8221; style=&#8221;custom&#8221; custom_background=&#8221;#ffffff&#8221; custom_text=&#8221;#666666&#8243; shape=&#8221;square&#8221; size=&#8221;sm&#8221; align=&#8221;center&#8221; css=&#8221;.vc_custom_1571991738990{margin-top: 60px !important;padding-right: 20% !important;padding-left: 20% !important;}&#8221; button_block=&#8221;true&#8221; link=&#8221;url:https%3A%2F%2Fvina-dean.hr%2Findex.php%2Fproizvodi%2F|title:O%20nama||&#8221; el_class=&#8221;space-text-button&#8221;][\/vc_column][\/vc_row][\/vc_section][vc_section full_width=&#8221;stretch_row_content&#8221; full_height=&#8221;yes&#8221; content_placement=&#8221;middle&#8221; parallax=&#8221;content-moving&#8221; parallax_image=&#8221;700&#8243; el_class=&#8221;vc_hidden-lg vc_hidden-md&#8221; el_id=&#8221;4 &#8211; Hidden from Desktop&#8221;][vc_row content_placement=&#8221;middle&#8221;][vc_column][vc_custom_heading text=&#8221;SLIKA KAO TISU\u0106U RIJE\u010cI&#8221; font_container=&#8221;tag:h3|text_align:center|color:%23ffffff&#8221; google_fonts=&#8221;font_family:Dosis%3A200%2C300%2Cregular%2C500%2C600%2C700%2C800|font_style:200%20light%20regular%3A200%3Anormal&#8221; css=&#8221;.vc_custom_1571991685953{margin-bottom: 40px !important;}&#8221; el_class=&#8221;space-text-mobile&#8221; link=&#8221;url:https%3A%2F%2Fvina-dean.hr%2Findex.php%2Fgalerija%2F|title:Kontakt||&#8221;]<div class=\"hr-thin style-line\" style=\"width: 3%;border-color: #ffffff;border-top-width: 2px;\"><\/div>[vc_custom_heading text=&#8221;Predstavljamo Vam obiteljsku tradiciju i ljubav prema poslu, obitelji i ljudima. Proizvode koje \u0107ete imati priliku upoznati na na\u0161im stranicama, usavr\u0161eni su, ne samo zbog na\u0161eg truda, ve\u0107 i zbog toga \u0161to mi njih ne radimo jer moramo, nego to zaista volimo.&#8221; font_container=&#8221;tag:h6|text_align:center|color:%23ffffff&#8221; use_theme_fonts=&#8221;yes&#8221; css=&#8221;.vc_custom_1572864336280{margin-top: 30px !important;padding-right: 10% !important;padding-left: 10% !important;}&#8221;][vc_btn title=&#8221;GALERIJA&#8221; style=&#8221;custom&#8221; custom_background=&#8221;#ffffff&#8221; custom_text=&#8221;#666666&#8243; shape=&#8221;square&#8221; size=&#8221;sm&#8221; align=&#8221;center&#8221; css=&#8221;.vc_custom_1571991704261{margin-top: 60px !important;padding-right: 20% !important;padding-left: 20% !important;}&#8221; button_block=&#8221;true&#8221; link=&#8221;url:https%3A%2F%2Fvina-dean.hr%2Findex.php%2Fgalerija%2F|title:O%20nama||&#8221; el_class=&#8221;space-text-button&#8221;][\/vc_column][\/vc_row][\/vc_section][vc_section full_width=&#8221;stretch_row_content&#8221; full_height=&#8221;yes&#8221; content_placement=&#8221;middle&#8221; parallax=&#8221;content-moving&#8221; parallax_image=&#8221;477&#8243; el_class=&#8221;vc_hidden-lg vc_hidden-md&#8221; el_id=&#8221;5 &#8211; Hidden from Desktop&#8221;][vc_row content_placement=&#8221;middle&#8221;][vc_column][vc_custom_heading text=&#8221;NUDIMO VI\u0160E, NUDIMO BOLJE&#8221; font_container=&#8221;tag:h3|text_align:center|color:%23ffffff&#8221; google_fonts=&#8221;font_family:Dosis%3A200%2C300%2Cregular%2C500%2C600%2C700%2C800|font_style:200%20light%20regular%3A200%3Anormal&#8221; css=&#8221;.vc_custom_1571990832542{margin-bottom: 40px !important;}&#8221; el_class=&#8221;space-text-mobile&#8221; link=&#8221;url:https%3A%2F%2Fvina-dean.hr%2Findex.php%2Fkontakt%2F|title:Kontakt||&#8221;]<div class=\"hr-thin style-line\" style=\"width: 3%;border-color: #ffffff;border-top-width: 2px;\"><\/div>[vc_custom_heading text=&#8221;Na\u0161 OPG osim vrhunskih proizvoda nudi i dostavu istih, nudimo Vam suradnju za kupovinu na malo ili veliko, kao i mogu\u0107nost punjenja na\u0161eg vina pod va\u0161im brendom. \u010cekamo Vas u na\u0161oj trgovini ako \u017eelite ku\u0161ati na\u0161e proizvode.&#8221; font_container=&#8221;tag:h6|text_align:center|color:%23ffffff&#8221; use_theme_fonts=&#8221;yes&#8221; css=&#8221;.vc_custom_1572864345805{margin-top: 30px !important;padding-right: 10% !important;padding-left: 10% !important;}&#8221;][vc_btn title=&#8221;KONTAKTIRAJTE NAS&#8221; style=&#8221;custom&#8221; custom_background=&#8221;#ffffff&#8221; custom_text=&#8221;#666666&#8243; shape=&#8221;square&#8221; size=&#8221;sm&#8221; align=&#8221;center&#8221; css=&#8221;.vc_custom_1571991853842{margin-top: 60px !important;padding-right: 20% !important;padding-left: 20% !important;}&#8221; button_block=&#8221;true&#8221; link=&#8221;url:https%3A%2F%2Fvina-dean.hr%2Findex.php%2Fkontakt%2F|title:O%20nama||&#8221; el_class=&#8221;space-text-button&#8221;][\/vc_column][\/vc_row][\/vc_section]<\/p>\n<\/div>","protected":false},"excerpt":{"rendered":"<p>[vc_section full_width=&#8221;stretch_row_content&#8221; full_height=&#8221;yes&#8221; content_placement=&#8221;middle&#8221; parallax=&#8221;content-moving&#8221; parallax_image=&#8221;696&#8243; el_id=&#8221;1 &#8211; Hidden from Mobile&#8221; el_class=&#8221;vc_hidden-xs vc_hidden-sm&#8221;][vc_row content_placement=&#8221;middle&#8221;][vc_column][vc_single_image image=&#8221;847&#8243; img_size=&#8221;full&#8221; alignment=&#8221;center&#8221; css=&#8221;.vc_custom_1723196565545{margin-bottom: 10px !important;}&#8221;][vc_custom_heading text=&#8221;DOBRODO\u0160LI&#8221; font_container=&#8221;tag:h2|text_align:center|color:%23ffffff&#8221; google_fonts=&#8221;font_family:Dosis%3A200%2C300%2Cregular%2C500%2C600%2C700%2C800|font_style:200%20light%20regular%3A200%3Anormal&#8221; css=&#8221;.vc_custom_1571935108513{margin-bottom: 40px !important;}&#8221; el_class=&#8221;space-title&#8221;][vc_custom_heading text=&#8221;ODABERITE VRIJEDNO VA\u0160EG NOVCA&#8221; font_container=&#8221;tag:h6|font_size:12|text_align:center|color:%23ffffff&#8221; use_theme_fonts=&#8221;yes&#8221; css=&#8221;.vc_custom_1571932788002{margin-top: 30px !important;}&#8221; el_class=&#8221;space-text&#8221;][\/vc_column][\/vc_row][\/vc_section][vc_section full_width=&#8221;stretch_row_content&#8221; full_height=&#8221;yes&#8221; content_placement=&#8221;middle&#8221; parallax=&#8221;content-moving&#8221; parallax_image=&#8221;703&#8243; el_class=&#8221;vc_hidden-xs vc_hidden-sm&#8221; el_id=&#8221;2 &#8211; Hidden from Mobile&#8221;][vc_row content_placement=&#8221;middle&#8221;][vc_column][vc_custom_heading text=&#8221;KVALITETA I TRADICIJA&#8221; font_container=&#8221;tag:h2|text_align:center|color:%23ffffff&#8221; google_fonts=&#8221;font_family:Dosis%3A200%2C300%2Cregular%2C500%2C600%2C700%2C800|font_style:200%20light%20regular%3A200%3Anormal&#8221;&hellip;<\/p>\n","protected":false},"author":1,"featured_media":0,"parent":0,"menu_order":0,"comment_status":"closed","ping_status":"closed","template":"","meta":{"footnotes":""},"class_list":["post-453","page","type-page","status-publish","hentry","description-off"],"_links":{"self":[{"href":"https:\/\/vina-dean.hr\/index.php\/wp-json\/wp\/v2\/pages\/453","targetHints":{"allow":["GET"]}}],"collection":[{"href":"https:\/\/vina-dean.hr\/index.php\/wp-json\/wp\/v2\/pages"}],"about":[{"href":"https:\/\/vina-dean.hr\/index.php\/wp-json\/wp\/v2\/types\/page"}],"author":[{"embeddable":true,"href":"https:\/\/vina-dean.hr\/index.php\/wp-json\/wp\/v2\/users\/1"}],"replies":[{"embeddable":true,"href":"https:\/\/vina-dean.hr\/index.php\/wp-json\/wp\/v2\/comments?post=453"}],"version-history":[{"count":3,"href":"https:\/\/vina-dean.hr\/index.php\/wp-json\/wp\/v2\/pages\/453\/revisions"}],"predecessor-version":[{"id":848,"href":"https:\/\/vina-dean.hr\/index.php\/wp-json\/wp\/v2\/pages\/453\/revisions\/848"}],"wp:attachment":[{"href":"https:\/\/vina-dean.hr\/index.php\/wp-json\/wp\/v2\/media?parent=453"}],"curies":[{"name":"wp","href":"https:\/\/api.w.org\/{rel}","templated":true}]}}